{"id":8692,"date":"2017-05-25T15:13:08","date_gmt":"2017-05-25T14:13:08","guid":{"rendered":"http:\/\/www.pascallandert.com\/en\/hochzeitsfotograf-kurhaus-berguen\/"},"modified":"2020-01-16T15:34:20","modified_gmt":"2020-01-16T14:34:20","slug":"wedding-kurhaus-berguen-2","status":"publish","type":"page","link":"https:\/\/www.pascallandert.com\/en\/wedding-kurhaus-berguen-2\/","title":{"rendered":"Wedding at Kurhaus Berg\u00fcn"},"content":{"rendered":"<p>You probably found this site because you are planning to get married at <a href=\"http:\/\/kurhausberguen.ch\/\" target=\"_blank\" rel=\"noopener noreferrer\">Kurhaus Berg\u00fcn<\/a> in Switzerland. All the photographs below are mine and taken at weddings at <a href=\"http:\/\/kurhausberguen.ch\/\" target=\"_blank\" rel=\"noopener noreferrer\">Kurhaus Berg\u00fcn<\/a> over the last couple of years.<\/p>\n<h2>Let me document your wedding day at Kurshaus in Berg\u00fcn, Graubunden!<\/h2>\n<p>Are you also looking for a professional wedding photographer in Switzerland? Look no further \u2013 with over 250 weddings under my belt I am one of the most experienced wedding photographers in Switzerland.<\/p>\n<p>I would be happy if you have a closer look on my <a href=\"https:\/\/www.pascallandert.com\/\">website<\/a> or <a href=\"https:\/\/www.pascallandert.com\/recent\/\">my most recent work.<\/a> If you like my documentary yet cinematic style, I am looking forward to hearing from you. Please use <a href=\"https:\/\/www.pascallandert.com\/en\/anfrage\/\">this contact form<\/a> for your inquiry and I am thrilled to send you my PDF brochure by mail within 24 hours<\/p>\n<p><img loading=\"lazy\" decoding=\"async\" class=\"aligncenter size-full wp-image-8401\" src=\"https:\/\/www.pascallandert.com\/wp-content\/uploads\/2017\/04\/13-8397-post\/00004_rustikale_berg_hochzeit_kurhaus_bergu%CC%88n_graubu%CC%88nden_schweiz_DIY_rustic_switzerland_mountain-wedding(pp_w768_h512).jpg\" alt=\"\" width=\"2200\" height=\"1467\" srcset=\"https:\/\/www.pascallandert.com\/wp-content\/uploads\/2017\/04\/13-8397-post\/00004_rustikale_berg_hochzeit_kurhaus_bergu%CC%88n_graubu%CC%88nden_schweiz_DIY_rustic_switzerland_mountain-wedding%28pp_w480_h320%29.jpg 480w,https:\/\/www.pascallandert.com\/wp-content\/uploads\/2017\/04\/13-8397-post\/00004_rustikale_berg_hochzeit_kurhaus_bergu%CC%88n_graubu%CC%88nden_schweiz_DIY_rustic_switzerland_mountain-wedding%28pp_w768_h512%29.jpg 768w,https:\/\/www.pascallandert.com\/wp-content\/uploads\/2017\/04\/13-8397-post\/00004_rustikale_berg_hochzeit_kurhaus_bergu%CC%88n_graubu%CC%88nden_schweiz_DIY_rustic_switzerland_mountain-wedding%28pp_w992_h661%29.jpg 992w,https:\/\/www.pascallandert.com\/wp-content\/uploads\/2017\/04\/13-8397-post\/00004_rustikale_berg_hochzeit_kurhaus_bergu%CC%88n_graubu%CC%88nden_schweiz_DIY_rustic_switzerland_mountain-wedding%28pp_w1200_h800%29.jpg 1200w,https:\/\/www.pascallandert.com\/wp-content\/uploads\/2017\/04\/13-8397-post\/00004_rustikale_berg_hochzeit_kurhaus_bergu%CC%88n_graubu%CC%88nden_schweiz_DIY_rustic_switzerland_mountain-wedding%28pp_w1600_h1066%29.jpg 1600w,https:\/\/www.pascallandert.com\/wp-content\/uploads\/2017\/04\/13-8397-post\/00004_rustikale_berg_hochzeit_kurhaus_bergu%CC%88n_graubu%CC%88nden_schweiz_DIY_rustic_switzerland_mountain-wedding.jpg 2200w\" sizes=\"auto, (max-width: 2200px) 100vw, 2200px\"><img loading=\"lazy\" decoding=\"async\" class=\"aligncenter size-full wp-image-8457\" src=\"https:\/\/www.pascallandert.com\/wp-content\/uploads\/2017\/04\/13-8397-post\/00061_rustikale_berg_hochzeit_kurhaus_bergu%CC%88n_graubu%CC%88nden_schweiz_DIY_rustic_switzerland_mountain-wedding(pp_w768_h512).jpg\" alt=\"\" width=\"2200\" height=\"1467\" srcset=\"https:\/\/www.pascallandert.com\/wp-content\/uploads\/2017\/04\/13-8397-post\/00061_rustikale_berg_hochzeit_kurhaus_bergu%CC%88n_graubu%CC%88nden_schweiz_DIY_rustic_switzerland_mountain-wedding%28pp_w480_h320%29.jpg 480w,https:\/\/www.pascallandert.com\/wp-content\/uploads\/2017\/04\/13-8397-post\/00061_rustikale_berg_hochzeit_kurhaus_bergu%CC%88n_graubu%CC%88nden_schweiz_DIY_rustic_switzerland_mountain-wedding%28pp_w768_h512%29.jpg 768w,https:\/\/www.pascallandert.com\/wp-content\/uploads\/2017\/04\/13-8397-post\/00061_rustikale_berg_hochzeit_kurhaus_bergu%CC%88n_graubu%CC%88nden_schweiz_DIY_rustic_switzerland_mountain-wedding%28pp_w992_h661%29.jpg 992w,https:\/\/www.pascallandert.com\/wp-content\/uploads\/2017\/04\/13-8397-post\/00061_rustikale_berg_hochzeit_kurhaus_bergu%CC%88n_graubu%CC%88nden_schweiz_DIY_rustic_switzerland_mountain-wedding%28pp_w1200_h800%29.jpg 1200w,https:\/\/www.pascallandert.com\/wp-content\/uploads\/2017\/04\/13-8397-post\/00061_rustikale_berg_hochzeit_kurhaus_bergu%CC%88n_graubu%CC%88nden_schweiz_DIY_rustic_switzerland_mountain-wedding%28pp_w1600_h1066%29.jpg 1600w,https:\/\/www.pascallandert.com\/wp-content\/uploads\/2017\/04\/13-8397-post\/00061_rustikale_berg_hochzeit_kurhaus_bergu%CC%88n_graubu%CC%88nden_schweiz_DIY_rustic_switzerland_mountain-wedding.jpg 2200w\" sizes=\"auto, (max-width: 2200px) 100vw, 2200px\"><img loading=\"lazy\" decoding=\"async\" class=\"aligncenter size-full wp-image-8460\" src=\"https:\/\/www.pascallandert.com\/wp-content\/uploads\/2017\/04\/13-8397-post\/00065_rustikale_berg_hochzeit_kurhaus_bergu%CC%88n_graubu%CC%88nden_schweiz_DIY_rustic_switzerland_mountain-wedding(pp_w768_h512).jpg\" alt=\"\" width=\"2200\" height=\"1467\" srcset=\"https:\/\/www.pascallandert.com\/wp-content\/uploads\/2017\/04\/13-8397-post\/00065_rustikale_berg_hochzeit_kurhaus_bergu%CC%88n_graubu%CC%88nden_schweiz_DIY_rustic_switzerland_mountain-wedding%28pp_w480_h320%29.jpg 480w,https:\/\/www.pascallandert.com\/wp-content\/uploads\/2017\/04\/13-8397-post\/00065_rustikale_berg_hochzeit_kurhaus_bergu%CC%88n_graubu%CC%88nden_schweiz_DIY_rustic_switzerland_mountain-wedding%28pp_w768_h512%29.jpg 768w,https:\/\/www.pascallandert.com\/wp-content\/uploads\/2017\/04\/13-8397-post\/00065_rustikale_berg_hochzeit_kurhaus_bergu%CC%88n_graubu%CC%88nden_schweiz_DIY_rustic_switzerland_mountain-wedding%28pp_w992_h661%29.jpg 992w,https:\/\/www.pascallandert.com\/wp-content\/uploads\/2017\/04\/13-8397-post\/00065_rustikale_berg_hochzeit_kurhaus_bergu%CC%88n_graubu%CC%88nden_schweiz_DIY_rustic_switzerland_mountain-wedding%28pp_w1200_h800%29.jpg 1200w,https:\/\/www.pascallandert.com\/wp-content\/uploads\/2017\/04\/13-8397-post\/00065_rustikale_berg_hochzeit_kurhaus_bergu%CC%88n_graubu%CC%88nden_schweiz_DIY_rustic_switzerland_mountain-wedding%28pp_w1600_h1066%29.jpg 1600w,https:\/\/www.pascallandert.com\/wp-content\/uploads\/2017\/04\/13-8397-post\/00065_rustikale_berg_hochzeit_kurhaus_bergu%CC%88n_graubu%CC%88nden_schweiz_DIY_rustic_switzerland_mountain-wedding.jpg 2200w\" sizes=\"auto, (max-width: 2200px) 100vw, 2200px\"><img loading=\"lazy\" decoding=\"async\" class=\"aligncenter size-full wp-image-8459\" src=\"https:\/\/www.pascallandert.com\/wp-content\/uploads\/2017\/04\/13-8397-post\/00064_rustikale_berg_hochzeit_kurhaus_bergu%CC%88n_graubu%CC%88nden_schweiz_DIY_rustic_switzerland_mountain-wedding_blog(pp_w768_h535).jpg\" alt=\"\" width=\"2200\" height=\"1533\" srcset=\"https:\/\/www.pascallandert.com\/wp-content\/uploads\/2017\/04\/13-8397-post\/00064_rustikale_berg_hochzeit_kurhaus_bergu%CC%88n_graubu%CC%88nden_schweiz_DIY_rustic_switzerland_mountain-wedding_blog%28pp_w480_h334%29.jpg 480w,https:\/\/www.pascallandert.com\/wp-content\/uploads\/2017\/04\/13-8397-post\/00064_rustikale_berg_hochzeit_kurhaus_bergu%CC%88n_graubu%CC%88nden_schweiz_DIY_rustic_switzerland_mountain-wedding_blog%28pp_w768_h535%29.jpg 768w,https:\/\/www.pascallandert.com\/wp-content\/uploads\/2017\/04\/13-8397-post\/00064_rustikale_berg_hochzeit_kurhaus_bergu%CC%88n_graubu%CC%88nden_schweiz_DIY_rustic_switzerland_mountain-wedding_blog%28pp_w992_h691%29.jpg 992w,https:\/\/www.pascallandert.com\/wp-content\/uploads\/2017\/04\/13-8397-post\/00064_rustikale_berg_hochzeit_kurhaus_bergu%CC%88n_graubu%CC%88nden_schweiz_DIY_rustic_switzerland_mountain-wedding_blog%28pp_w1200_h836%29.jpg 1200w,https:\/\/www.pascallandert.com\/wp-content\/uploads\/2017\/04\/13-8397-post\/00064_rustikale_berg_hochzeit_kurhaus_bergu%CC%88n_graubu%CC%88nden_schweiz_DIY_rustic_switzerland_mountain-wedding_blog%28pp_w1600_h1114%29.jpg 1600w,https:\/\/www.pascallandert.com\/wp-content\/uploads\/2017\/04\/13-8397-post\/00064_rustikale_berg_hochzeit_kurhaus_bergu%CC%88n_graubu%CC%88nden_schweiz_DIY_rustic_switzerland_mountain-wedding_blog.jpg 2200w\" sizes=\"auto, (max-width: 2200px) 100vw, 2200px\"><img loading=\"lazy\" decoding=\"async\" class=\"aligncenter size-full wp-image-8458\" src=\"https:\/\/www.pascallandert.com\/wp-content\/uploads\/2017\/04\/13-8397-post\/00062_rustikale_berg_hochzeit_kurhaus_bergu%CC%88n_graubu%CC%88nden_schweiz_DIY_rustic_switzerland_mountain-wedding(pp_w768_h512).jpg\" alt=\"\" width=\"2200\" height=\"1467\" srcset=\"https:\/\/www.pascallandert.com\/wp-content\/uploads\/2017\/04\/13-8397-post\/00062_rustikale_berg_hochzeit_kurhaus_bergu%CC%88n_graubu%CC%88nden_schweiz_DIY_rustic_switzerland_mountain-wedding%28pp_w480_h320%29.jpg 480w,https:\/\/www.pascallandert.com\/wp-content\/uploads\/2017\/04\/13-8397-post\/00062_rustikale_berg_hochzeit_kurhaus_bergu%CC%88n_graubu%CC%88nden_schweiz_DIY_rustic_switzerland_mountain-wedding%28pp_w768_h512%29.jpg 768w,https:\/\/www.pascallandert.com\/wp-content\/uploads\/2017\/04\/13-8397-post\/00062_rustikale_berg_hochzeit_kurhaus_bergu%CC%88n_graubu%CC%88nden_schweiz_DIY_rustic_switzerland_mountain-wedding%28pp_w992_h661%29.jpg 992w,https:\/\/www.pascallandert.com\/wp-content\/uploads\/2017\/04\/13-8397-post\/00062_rustikale_berg_hochzeit_kurhaus_bergu%CC%88n_graubu%CC%88nden_schweiz_DIY_rustic_switzerland_mountain-wedding%28pp_w1200_h800%29.jpg 1200w,https:\/\/www.pascallandert.com\/wp-content\/uploads\/2017\/04\/13-8397-post\/00062_rustikale_berg_hochzeit_kurhaus_bergu%CC%88n_graubu%CC%88nden_schweiz_DIY_rustic_switzerland_mountain-wedding%28pp_w1600_h1066%29.jpg 1600w,https:\/\/www.pascallandert.com\/wp-content\/uploads\/2017\/04\/13-8397-post\/00062_rustikale_berg_hochzeit_kurhaus_bergu%CC%88n_graubu%CC%88nden_schweiz_DIY_rustic_switzerland_mountain-wedding.jpg 2200w\" sizes=\"auto, (max-width: 2200px) 100vw, 2200px\"><\/p>\n<p><img loading=\"lazy\" decoding=\"async\" class=\"aligncenter size-full wp-image-5022\" src=\"https:\/\/www.pascallandert.com\/wp-content\/uploads\/2015\/07\/20-4960-post\/0062_hochzeit_kurhaus_bergun_swiss_mountain_destination_wedding(pp_w768_h512).jpg\" alt=\"\" width=\"1800\" height=\"1200\" srcset=\"https:\/\/www.pascallandert.com\/wp-content\/uploads\/2015\/07\/20-4960-post\/0062_hochzeit_kurhaus_bergun_swiss_mountain_destination_wedding%28pp_w480_h320%29.jpg 480w,https:\/\/www.pascallandert.com\/wp-content\/uploads\/2015\/07\/20-4960-post\/0062_hochzeit_kurhaus_bergun_swiss_mountain_destination_wedding%28pp_w768_h512%29.jpg 768w,https:\/\/www.pascallandert.com\/wp-content\/uploads\/2015\/07\/20-4960-post\/0062_hochzeit_kurhaus_bergun_swiss_mountain_destination_wedding%28pp_w992_h661%29.jpg 992w,https:\/\/www.pascallandert.com\/wp-content\/uploads\/2015\/07\/20-4960-post\/0062_hochzeit_kurhaus_bergun_swiss_mountain_destination_wedding%28pp_w1200_h800%29.jpg 1200w,https:\/\/www.pascallandert.com\/wp-content\/uploads\/2015\/07\/20-4960-post\/0062_hochzeit_kurhaus_bergun_swiss_mountain_destination_wedding%28pp_w1600_h1066%29.jpg 1600w,https:\/\/www.pascallandert.com\/wp-content\/uploads\/2015\/07\/20-4960-post\/0062_hochzeit_kurhaus_bergun_swiss_mountain_destination_wedding.jpg 1800w\" sizes=\"auto, (max-width: 1800px) 100vw, 1800px\"><img loading=\"lazy\" decoding=\"async\" class=\"aligncenter size-full wp-image-5023\" src=\"https:\/\/www.pascallandert.com\/wp-content\/uploads\/2015\/07\/20-4960-post\/0063_hochzeit_kurhaus_bergun_swiss_mountain_destination_wedding(pp_w768_h512).jpg\" alt=\"\" width=\"1800\" height=\"1200\" srcset=\"https:\/\/www.pascallandert.com\/wp-content\/uploads\/2015\/07\/20-4960-post\/0063_hochzeit_kurhaus_bergun_swiss_mountain_destination_wedding%28pp_w480_h320%29.jpg 480w,https:\/\/www.pascallandert.com\/wp-content\/uploads\/2015\/07\/20-4960-post\/0063_hochzeit_kurhaus_bergun_swiss_mountain_destination_wedding%28pp_w768_h512%29.jpg 768w,https:\/\/www.pascallandert.com\/wp-content\/uploads\/2015\/07\/20-4960-post\/0063_hochzeit_kurhaus_bergun_swiss_mountain_destination_wedding%28pp_w992_h661%29.jpg 992w,https:\/\/www.pascallandert.com\/wp-content\/uploads\/2015\/07\/20-4960-post\/0063_hochzeit_kurhaus_bergun_swiss_mountain_destination_wedding%28pp_w1200_h800%29.jpg 1200w,https:\/\/www.pascallandert.com\/wp-content\/uploads\/2015\/07\/20-4960-post\/0063_hochzeit_kurhaus_bergun_swiss_mountain_destination_wedding%28pp_w1600_h1066%29.jpg 1600w,https:\/\/www.pascallandert.com\/wp-content\/uploads\/2015\/07\/20-4960-post\/0063_hochzeit_kurhaus_bergun_swiss_mountain_destination_wedding.jpg 1800w\" sizes=\"auto, (max-width: 1800px) 100vw, 1800px\"><img loading=\"lazy\" decoding=\"async\" class=\"aligncenter size-full wp-image-5024\" src=\"https:\/\/www.pascallandert.com\/wp-content\/uploads\/2015\/07\/20-4960-post\/0064_hochzeit_kurhaus_bergun_swiss_mountain_destination_wedding(pp_w768_h512).jpg\" alt=\"\" width=\"1800\" height=\"1200\" srcset=\"https:\/\/www.pascallandert.com\/wp-content\/uploads\/2015\/07\/20-4960-post\/0064_hochzeit_kurhaus_bergun_swiss_mountain_destination_wedding%28pp_w480_h320%29.jpg 480w,https:\/\/www.pascallandert.com\/wp-content\/uploads\/2015\/07\/20-4960-post\/0064_hochzeit_kurhaus_bergun_swiss_mountain_destination_wedding%28pp_w768_h512%29.jpg 768w,https:\/\/www.pascallandert.com\/wp-content\/uploads\/2015\/07\/20-4960-post\/0064_hochzeit_kurhaus_bergun_swiss_mountain_destination_wedding%28pp_w992_h661%29.jpg 992w,https:\/\/www.pascallandert.com\/wp-content\/uploads\/2015\/07\/20-4960-post\/0064_hochzeit_kurhaus_bergun_swiss_mountain_destination_wedding%28pp_w1200_h800%29.jpg 1200w,https:\/\/www.pascallandert.com\/wp-content\/uploads\/2015\/07\/20-4960-post\/0064_hochzeit_kurhaus_bergun_swiss_mountain_destination_wedding%28pp_w1600_h1066%29.jpg 1600w,https:\/\/www.pascallandert.com\/wp-content\/uploads\/2015\/07\/20-4960-post\/0064_hochzeit_kurhaus_bergun_swiss_mountain_destination_wedding.jpg 1800w\" sizes=\"auto, (max-width: 1800px) 100vw, 1800px\"><img loading=\"lazy\" decoding=\"async\" class=\"aligncenter size-full wp-image-5028\" src=\"https:\/\/www.pascallandert.com\/wp-content\/uploads\/2015\/07\/20-4960-post\/0068_hochzeit_kurhaus_bergun_swiss_mountain_destination_wedding(pp_w768_h382).jpg\" alt=\"\" width=\"1920\" height=\"955\" srcset=\"https:\/\/www.pascallandert.com\/wp-content\/uploads\/2015\/07\/20-4960-post\/0068_hochzeit_kurhaus_bergun_swiss_mountain_destination_wedding%28pp_w480_h238%29.jpg 480w,https:\/\/www.pascallandert.com\/wp-content\/uploads\/2015\/07\/20-4960-post\/0068_hochzeit_kurhaus_bergun_swiss_mountain_destination_wedding%28pp_w768_h382%29.jpg 768w,https:\/\/www.pascallandert.com\/wp-content\/uploads\/2015\/07\/20-4960-post\/0068_hochzeit_kurhaus_bergun_swiss_mountain_destination_wedding%28pp_w992_h493%29.jpg 992w,https:\/\/www.pascallandert.com\/wp-content\/uploads\/2015\/07\/20-4960-post\/0068_hochzeit_kurhaus_bergun_swiss_mountain_destination_wedding%28pp_w1200_h596%29.jpg 1200w,https:\/\/www.pascallandert.com\/wp-content\/uploads\/2015\/07\/20-4960-post\/0068_hochzeit_kurhaus_bergun_swiss_mountain_destination_wedding%28pp_w1600_h795%29.jpg 1600w,https:\/\/www.pascallandert.com\/wp-content\/uploads\/2015\/07\/20-4960-post\/0068_hochzeit_kurhaus_bergun_swiss_mountain_destination_wedding.jpg 1920w\" sizes=\"auto, (max-width: 1920px) 100vw, 1920px\"><img loading=\"lazy\" decoding=\"async\" class=\"aligncenter size-full wp-image-5030\" src=\"https:\/\/www.pascallandert.com\/wp-content\/uploads\/2015\/07\/20-4960-post\/0070_hochzeit_kurhaus_bergun_swiss_mountain_destination_wedding(pp_w768_h512).jpg\" alt=\"\" width=\"1800\" height=\"1200\" srcset=\"https:\/\/www.pascallandert.com\/wp-content\/uploads\/2015\/07\/20-4960-post\/0070_hochzeit_kurhaus_bergun_swiss_mountain_destination_wedding%28pp_w480_h320%29.jpg 480w,https:\/\/www.pascallandert.com\/wp-content\/uploads\/2015\/07\/20-4960-post\/0070_hochzeit_kurhaus_bergun_swiss_mountain_destination_wedding%28pp_w768_h512%29.jpg 768w,https:\/\/www.pascallandert.com\/wp-content\/uploads\/2015\/07\/20-4960-post\/0070_hochzeit_kurhaus_bergun_swiss_mountain_destination_wedding%28pp_w992_h661%29.jpg 992w,https:\/\/www.pascallandert.com\/wp-content\/uploads\/2015\/07\/20-4960-post\/0070_hochzeit_kurhaus_bergun_swiss_mountain_destination_wedding%28pp_w1200_h800%29.jpg 1200w,https:\/\/www.pascallandert.com\/wp-content\/uploads\/2015\/07\/20-4960-post\/0070_hochzeit_kurhaus_bergun_swiss_mountain_destination_wedding%28pp_w1600_h1066%29.jpg 1600w,https:\/\/www.pascallandert.com\/wp-content\/uploads\/2015\/07\/20-4960-post\/0070_hochzeit_kurhaus_bergun_swiss_mountain_destination_wedding.jpg 1800w\" sizes=\"auto, (max-width: 1800px) 100vw, 1800px\"><\/p>\n<p><img loading=\"lazy\" decoding=\"async\" class=\"aligncenter size-full wp-image-5039\" src=\"https:\/\/www.pascallandert.com\/wp-content\/uploads\/2015\/07\/20-4960-post\/0079_hochzeit_kurhaus_bergun_swiss_mountain_destination_wedding(pp_w768_h512).jpg\" alt=\"\" width=\"1800\" height=\"1200\" srcset=\"https:\/\/www.pascallandert.com\/wp-content\/uploads\/2015\/07\/20-4960-post\/0079_hochzeit_kurhaus_bergun_swiss_mountain_destination_wedding%28pp_w480_h320%29.jpg 480w,https:\/\/www.pascallandert.com\/wp-content\/uploads\/2015\/07\/20-4960-post\/0079_hochzeit_kurhaus_bergun_swiss_mountain_destination_wedding%28pp_w768_h512%29.jpg 768w,https:\/\/www.pascallandert.com\/wp-content\/uploads\/2015\/07\/20-4960-post\/0079_hochzeit_kurhaus_bergun_swiss_mountain_destination_wedding%28pp_w992_h661%29.jpg 992w,https:\/\/www.pascallandert.com\/wp-content\/uploads\/2015\/07\/20-4960-post\/0079_hochzeit_kurhaus_bergun_swiss_mountain_destination_wedding%28pp_w1200_h800%29.jpg 1200w,https:\/\/www.pascallandert.com\/wp-content\/uploads\/2015\/07\/20-4960-post\/0079_hochzeit_kurhaus_bergun_swiss_mountain_destination_wedding%28pp_w1600_h1066%29.jpg 1600w,https:\/\/www.pascallandert.com\/wp-content\/uploads\/2015\/07\/20-4960-post\/0079_hochzeit_kurhaus_bergun_swiss_mountain_destination_wedding.jpg 1800w\" sizes=\"auto, (max-width: 1800px) 100vw, 1800px\"><img loading=\"lazy\" decoding=\"async\" class=\"aligncenter size-full wp-image-5040\" src=\"https:\/\/www.pascallandert.com\/wp-content\/uploads\/2015\/07\/20-4960-post\/0080_hochzeit_kurhaus_bergun_swiss_mountain_destination_wedding(pp_w768_h512).jpg\" alt=\"\" width=\"1800\" height=\"1200\" srcset=\"https:\/\/www.pascallandert.com\/wp-content\/uploads\/2015\/07\/20-4960-post\/0080_hochzeit_kurhaus_bergun_swiss_mountain_destination_wedding%28pp_w480_h320%29.jpg 480w,https:\/\/www.pascallandert.com\/wp-content\/uploads\/2015\/07\/20-4960-post\/0080_hochzeit_kurhaus_bergun_swiss_mountain_destination_wedding%28pp_w768_h512%29.jpg 768w,https:\/\/www.pascallandert.com\/wp-content\/uploads\/2015\/07\/20-4960-post\/0080_hochzeit_kurhaus_bergun_swiss_mountain_destination_wedding%28pp_w992_h661%29.jpg 992w,https:\/\/www.pascallandert.com\/wp-content\/uploads\/2015\/07\/20-4960-post\/0080_hochzeit_kurhaus_bergun_swiss_mountain_destination_wedding%28pp_w1200_h800%29.jpg 1200w,https:\/\/www.pascallandert.com\/wp-content\/uploads\/2015\/07\/20-4960-post\/0080_hochzeit_kurhaus_bergun_swiss_mountain_destination_wedding%28pp_w1600_h1066%29.jpg 1600w,https:\/\/www.pascallandert.com\/wp-content\/uploads\/2015\/07\/20-4960-post\/0080_hochzeit_kurhaus_bergun_swiss_mountain_destination_wedding.jpg 1800w\" sizes=\"auto, (max-width: 1800px) 100vw, 1800px\"><\/p>\n","protected":false},"excerpt":{"rendered":"<p>You probably found this site because you are planning to get married at Kurhaus Berg\u00fcn in Switzerland. All the photographs below are mine and taken at weddings at Kurhaus Berg\u00fcn over the last couple of years. Let me document your wedding day at Kurshaus in Berg\u00fcn, Graubunden! Are you also looking for a professional wedding [&hellip;]<\/p>\n","protected":false},"author":1,"featured_media":0,"parent":0,"menu_order":0,"comment_status":"closed","ping_status":"closed","template":"","meta":{"narrative_post_script":"","footnotes":""},"class_list":["post-8692","page","type-page","status-publish","hentry"],"_links":{"self":[{"href":"https:\/\/www.pascallandert.com\/en\/wp-json\/wp\/v2\/pages\/8692","targetHints":{"allow":["GET"]}}],"collection":[{"href":"https:\/\/www.pascallandert.com\/en\/wp-json\/wp\/v2\/pages"}],"about":[{"href":"https:\/\/www.pascallandert.com\/en\/wp-json\/wp\/v2\/types\/page"}],"author":[{"embeddable":true,"href":"https:\/\/www.pascallandert.com\/en\/wp-json\/wp\/v2\/users\/1"}],"replies":[{"embeddable":true,"href":"https:\/\/www.pascallandert.com\/en\/wp-json\/wp\/v2\/comments?post=8692"}],"version-history":[{"count":8,"href":"https:\/\/www.pascallandert.com\/en\/wp-json\/wp\/v2\/pages\/8692\/revisions"}],"predecessor-version":[{"id":10010,"href":"https:\/\/www.pascallandert.com\/en\/wp-json\/wp\/v2\/pages\/8692\/revisions\/10010"}],"wp:attachment":[{"href":"https:\/\/www.pascallandert.com\/en\/wp-json\/wp\/v2\/media?parent=8692"}],"curies":[{"name":"wp","href":"https:\/\/api.w.org\/{rel}","templated":true}]}}